{"id":2022,"date":"2019-10-10T16:08:20","date_gmt":"2019-10-10T16:08:20","guid":{"rendered":"https:\/\/insaatzirve.com\/?page_id=2022"},"modified":"2022-08-10T15:45:27","modified_gmt":"2022-08-10T15:45:27","slug":"kisisel-verileri-koruma-kanunu","status":"publish","type":"page","link":"https:\/\/insaatzirve.com\/eng\/kisisel-verileri-koruma-kanunu\/","title":{"rendered":"Ki\u015fisel Verileri Koruma Kanunu"},"content":{"rendered":"<div data-elementor-type=\"wp-page\" data-elementor-id=\"2022\" class=\"elementor elementor-2022\" data-elementor-post-type=\"page\">\n\t\t\t\t\t\t<section class=\"elementor-section elementor-top-section elementor-element elementor-element-1a272ec3 elementor-section-boxed elementor-section-height-default elementor-section-height-default\" data-id=\"1a272ec3\" data-element_type=\"section\" data-settings=\"{&quot;jet_parallax_layout_list&quot;:[{&quot;jet_parallax_layout_image&quot;:{&quot;url&quot;:&quot;&quot;,&quot;id&quot;:&quot;&quot;,&quot;size&quot;:&quot;&quot;},&quot;_id&quot;:&quot;0006da4&quot;,&quot;jet_parallax_layout_image_tablet&quot;:{&quot;url&quot;:&quot;&quot;,&quot;id&quot;:&quot;&quot;,&quot;size&quot;:&quot;&quot;},&quot;jet_parallax_layout_image_mobile&quot;:{&quot;url&quot;:&quot;&quot;,&quot;id&quot;:&quot;&quot;,&quot;size&quot;:&quot;&quot;},&quot;jet_parallax_layout_speed&quot;:{&quot;unit&quot;:&quot;%&quot;,&quot;size&quot;:50,&quot;sizes&quot;:[]},&quot;jet_parallax_layout_type&quot;:&quot;scroll&quot;,&quot;jet_parallax_layout_direction&quot;:null,&quot;jet_parallax_layout_fx_direction&quot;:null,&quot;jet_parallax_layout_z_index&quot;:&quot;&quot;,&quot;jet_parallax_layout_bg_x&quot;:50,&quot;jet_parallax_layout_bg_x_tablet&quot;:&quot;&quot;,&quot;jet_parallax_layout_bg_x_mobile&quot;:&quot;&quot;,&quot;jet_parallax_layout_bg_y&quot;:50,&quot;jet_parallax_layout_bg_y_tablet&quot;:&quot;&quot;,&quot;jet_parallax_layout_bg_y_mobile&quot;:&quot;&quot;,&quot;jet_parallax_layout_bg_size&quot;:&quot;auto&quot;,&quot;jet_parallax_layout_bg_size_tablet&quot;:&quot;&quot;,&quot;jet_parallax_layout_bg_size_mobile&quot;:&quot;&quot;,&quot;jet_parallax_layout_animation_prop&quot;:&quot;transform&quot;,&quot;jet_parallax_layout_on&quot;:[&quot;desktop&quot;,&quot;tablet&quot;]}],&quot;background_background&quot;:&quot;classic&quot;}\">\n\t\t\t\t\t\t<div class=\"elementor-container elementor-column-gap-default\">\n\t\t\t\t\t<div class=\"elementor-column elementor-col-50 elementor-top-column elementor-element elementor-element-59d5df67\" data-id=\"59d5df67\" data-element_type=\"column\" data-settings=\"{&quot;background_background&quot;:&quot;classic&quot;}\">\n\t\t\t<div class=\"elementor-widget-wrap elementor-element-populated\">\n\t\t\t\t\t\t<div class=\"elementor-element elementor-element-fa12dea elementor-widget__width-auto elementor-widget elementor-widget-heading\" data-id=\"fa12dea\" data-element_type=\"widget\" data-widget_type=\"heading.default\">\n\t\t\t\t<div class=\"elementor-widget-container\">\n\t\t\t\t\t<h2 class=\"elementor-heading-title elementor-size-default\">Ki\u015fisel Verileri Koruma Kanunu<\/h2>\t\t\t\t<\/div>\n\t\t\t\t<\/div>\n\t\t\t\t\t<\/div>\n\t\t<\/div>\n\t\t\t\t<div class=\"elementor-column elementor-col-50 elementor-top-column elementor-element elementor-element-48d796f2\" data-id=\"48d796f2\" data-element_type=\"column\" data-settings=\"{&quot;background_background&quot;:&quot;classic&quot;}\">\n\t\t\t<div class=\"elementor-widget-wrap\">\n\t\t\t\t\t\t\t<\/div>\n\t\t<\/div>\n\t\t\t\t\t<\/div>\n\t\t<\/section>\n\t\t\t\t<section class=\"elementor-section elementor-top-section elementor-element elementor-element-1ecd6922 elementor-section-boxed elementor-section-height-default elementor-section-height-default\" data-id=\"1ecd6922\" data-element_type=\"section\" data-settings=\"{&quot;jet_parallax_layout_list&quot;:[{&quot;jet_parallax_layout_image&quot;:{&quot;url&quot;:&quot;&quot;,&quot;id&quot;:&quot;&quot;,&quot;size&quot;:&quot;&quot;},&quot;_id&quot;:&quot;0006da4&quot;,&quot;jet_parallax_layout_image_tablet&quot;:{&quot;url&quot;:&quot;&quot;,&quot;id&quot;:&quot;&quot;,&quot;size&quot;:&quot;&quot;},&quot;jet_parallax_layout_image_mobile&quot;:{&quot;url&quot;:&quot;&quot;,&quot;id&quot;:&quot;&quot;,&quot;size&quot;:&quot;&quot;},&quot;jet_parallax_layout_speed&quot;:{&quot;unit&quot;:&quot;%&quot;,&quot;size&quot;:50,&quot;sizes&quot;:[]},&quot;jet_parallax_layout_type&quot;:&quot;scroll&quot;,&quot;jet_parallax_layout_direction&quot;:null,&quot;jet_parallax_layout_fx_direction&quot;:null,&quot;jet_parallax_layout_z_index&quot;:&quot;&quot;,&quot;jet_parallax_layout_bg_x&quot;:50,&quot;jet_parallax_layout_bg_x_tablet&quot;:&quot;&quot;,&quot;jet_parallax_layout_bg_x_mobile&quot;:&quot;&quot;,&quot;jet_parallax_layout_bg_y&quot;:50,&quot;jet_parallax_layout_bg_y_tablet&quot;:&quot;&quot;,&quot;jet_parallax_layout_bg_y_mobile&quot;:&quot;&quot;,&quot;jet_parallax_layout_bg_size&quot;:&quot;auto&quot;,&quot;jet_parallax_layout_bg_size_tablet&quot;:&quot;&quot;,&quot;jet_parallax_layout_bg_size_mobile&quot;:&quot;&quot;,&quot;jet_parallax_layout_animation_prop&quot;:&quot;transform&quot;,&quot;jet_parallax_layout_on&quot;:[&quot;desktop&quot;,&quot;tablet&quot;]}],&quot;background_background&quot;:&quot;classic&quot;}\">\n\t\t\t\t\t\t<div class=\"elementor-container elementor-column-gap-default\">\n\t\t\t\t\t<div class=\"elementor-column elementor-col-100 elementor-top-column elementor-element elementor-element-38cd8770\" data-id=\"38cd8770\" data-element_type=\"column\">\n\t\t\t<div class=\"elementor-widget-wrap elementor-element-populated\">\n\t\t\t\t\t\t<div class=\"elementor-element elementor-element-4042f267 elementor-widget elementor-widget-text-editor\" data-id=\"4042f267\" data-element_type=\"widget\" data-widget_type=\"text-editor.default\">\n\t\t\t\t<div class=\"elementor-widget-container\">\n\t\t\t\t\t\t\t\t\t<p><strong>Ki\u015fisel Verilerin Korunmas\u0131 Kapsam\u0131nda Bilgilendirme<\/strong><\/p><p>07.04.2016 tarihinde Resmi Gazetede yay\u0131nlanarak y\u00fcr\u00fcrl\u00fc\u011fe giren 6698 say\u0131l\u0131 Ki\u015fisel Verilerin Korunmas\u0131 Kanunu (\u201cKanun\u201d) kapsam\u0131nda T\u00fcrkiye \u0130n\u015faat Malzemesi Sanayicileri Derne\u011fi (\u201cT\u00fcrkiye \u0130MSAD\u201d) \u201cVeri Sorumlusu\u201d s\u0131fat\u0131na sahip olup, bu s\u0131fat\u0131n gerektirdi\u011fi y\u00fck\u00fcml\u00fcl\u00fckleri\u00a0yerine getirmek i\u00e7in gerekli uyum \u00e7al\u0131\u015fmalar\u0131n\u0131 ger\u00e7ekle\u015ftirmektedir.<\/p><p>T\u00fcrkiye \u0130MSAD, kendisine verilmi\u015f olan, Ki\u015fisel Verilerin Korunmas\u0131 Hakk\u0131ndaki Kanun kapsam\u0131nda ki\u015fisel veri olarak say\u0131lan ki\u015fisel bilgilerin tek ba\u015f\u0131na ve\/veya ba\u015fka ki\u015fisel verilerle birle\u015ftirerek kullan\u0131lmak \u00fczere toplanmas\u0131na, i\u015flenmesine, T\u00fcrkiye \u0130MSAD taraf\u0131ndan ilgili 3. ki\u015fi ve kurumlarla payla\u015f\u0131lmas\u0131na dair haklar\u0131n\u0131 sakl\u0131 tutar.<\/p><p>Ki\u015fisel verileriniz i\u015fbu Kanun \u00e7er\u00e7evesinde T\u00fcrkiye \u0130MSAD taraf\u0131ndan muhafaza edilip, vermi\u015f oldu\u011funuz onay kapsam\u0131nda i\u015flenecektir.<\/p><p>Ki\u015fisel Verileriniz; derne\u011fimizin t\u00fcz\u00fc\u011f\u00fcnde yer alan ama\u00e7lar ve \u00e7al\u0131\u015fma konular\u0131 do\u011frultusunda sa\u011flanacak hizmetlerin yasal \u00e7er\u00e7evede tam ve zaman\u0131nda sunulabilmesi, 5253 say\u0131l\u0131 Dernekler Kanunu ve ilgili di\u011fer mevzuat kapsam\u0131ndaki hukuki y\u00fck\u00fcml\u00fcl\u00fcklerimizin yerine getirilmesi, T\u00fcrkiye \u0130MSAD \u00fcyeli\u011finizin olu\u015fturulmas\u0131, T\u00fcrkiye \u0130MSAD\u2019\u0131n sa\u011flad\u0131\u011f\u0131 hizmetlerden faydalanman\u0131z, T\u00fcrkiye \u0130MSAD taraf\u0131ndan haz\u0131rlanan rapor, yay\u0131n ve dernek \u00e7al\u0131\u015fmalar\u0131ndan, sekt\u00f6rle ilgili geli\u015fmeleri, i\u015fbirli\u011fi i\u00e7inde ya da \u00fcyesi oldu\u011fumuz kurum\/kurulu\u015flarla ilgili bilgileri ve bu kurum\/kurulu\u015flara ili\u015fkin payla\u015f\u0131mlardan, T\u00fcrkiye \u0130MSAD taraf\u0131ndan d\u00fczenlenen toplant\u0131, konferans, sempozyum, panel, a\u00e7\u0131k oturum, forum ile sergi, kermes, konser, spor yar\u0131\u015fmalar\u0131, yurt i\u00e7inde veya yurt d\u0131\u015f\u0131nda gezi d\u00fczenlenmesi de dahil etkinlik ve organizasyon y\u00f6netimi s\u00fcre\u00e7leri ile ilgili bilgilerden haberdar olman\u0131z, T\u00fcrkiye \u0130MSAD\u2019\u0131n \u00fcyelerine \u00f6zel olarak sa\u011flad\u0131\u011f\u0131 faydalardan yararland\u0131r\u0131lman\u0131z ve istatistiki bilgi toplama\/derleme \u00e7al\u0131\u015fmalar\u0131n\u0131 geli\u015ftirmek amac\u0131yla e-posta, faks, telefon ya da posta yoluyla sadece bahsi ge\u00e7en ileti\u015fimin sa\u011flanmas\u0131 amac\u0131yla kaydedilmekte ve gerekti\u011finde g\u00fcncellenmektedir.<\/p><p>Bu kapsamda diledi\u011finiz zaman Kanunun 11. maddesi kapsam\u0131nda Veri Sorumlusu olan derne\u011fimize ba\u015fvurarak a\u015fa\u011f\u0131da belirtilen haklar\u0131 kullanabilirsiniz. Buna g\u00f6re ki\u015fisel verisi i\u015flenen \u00fcyelerimiz;<\/p><p>Kendisine ait ki\u015fisel verilerin i\u015flenip i\u015flenmedi\u011fini \u00f6\u011frenme,<br \/>\u0130\u015flenen ki\u015fisel verileri varsa bunlara ili\u015fkin bilgi talep etme,<br \/>Ki\u015fisel verilerin i\u015flenme amac\u0131n\u0131 ve bu verilerin amaca uygun kullan\u0131l\u0131p kullan\u0131lmad\u0131\u011f\u0131n\u0131 \u00f6\u011frenme,<br \/>Ki\u015fisel verilerinin aktar\u0131ld\u0131\u011f\u0131 \u00fc\u00e7\u00fcnc\u00fc ki\u015fileri bilme, ki\u015fisel verilerindeki hatalar\u0131n d\u00fczeltilmesini ve e\u011fer aktar\u0131m yap\u0131lm\u0131\u015fsa ilgili \u00fc\u00e7\u00fcnc\u00fc ki\u015fiden bu d\u00fczeltmenin istenmesini talep etme,<br \/>Ki\u015fisel verilerin i\u015flenmesini gerektiren sebeplerin ortadan kalkmas\u0131 halinde bu verilerin silinmesini, yok edilmesini ya da anonim hale getirilmesini isteme ve e\u011fer aktar\u0131m yap\u0131lm\u0131\u015fsa bu talebin aktar\u0131lan \u00fc\u00e7\u00fcnc\u00fc ki\u015fiye iletilmesini isteme,<br \/>\u0130\u015flenen verilerin neticesinde ki\u015fi ile ilintili olumsuz bir sonu\u00e7 \u00e7\u0131kmas\u0131na itiraz etme,<br \/>Kanun\u2019a ayk\u0131r\u0131 veri i\u015fleme nedeniyle zarar\u0131n\u0131n ortaya \u00e7\u0131kmas\u0131 halinde zarar\u0131n\u0131 yasalar \u00e7er\u00e7evesinde talep etme haklar\u0131na sahiptirler.<br \/>Kanun kapsam\u0131nda yukar\u0131da belirtilen haklar\u0131n\u0131zdan yararlanmak i\u00e7in ba\u015fvurular\u0131n\u0131z\u0131 yaz\u0131l\u0131 olarak posta yoluyla\u00a0Dernek Merkez adresimize\u00a0ya da elektronik olarak e-posta yoluyla\u00a0<a href=\"mailto:info@imsad.org\">info@imsad.org<\/a>\u00a0adresine iletebilirsiniz.<\/p><p>Detayl\u0131 bilgi almak i\u00e7in\u00a0TBMM&#8217;nin resmi internet sitesinden\u00a0kanunu inceleyebilirsiniz.<\/p><p>Sayg\u0131lar\u0131m\u0131zla,<\/p><p>T\u00fcrkiye \u0130MSAD<\/p><p>\u00a0<\/p>\t\t\t\t\t\t\t\t<\/div>\n\t\t\t\t<\/div>\n\t\t\t\t\t<\/div>\n\t\t<\/div>\n\t\t\t\t\t<\/div>\n\t\t<\/section>\n\t\t\t\t<\/div>","protected":false},"excerpt":{"rendered":"<p>Ki\u015fisel Verileri Koruma Kanunu Uluslararas\u0131 \u0130n\u015faatta Kalite Zirvesi Ki\u015fisel Verilerin Korunmas\u0131 Kapsam\u0131nda Bilgilendirme 07.04.2016 tarihinde Resmi Gazetede yay\u0131nlanarak y\u00fcr\u00fcrl\u00fc\u011fe giren 6698 say\u0131l\u0131 Ki\u015fisel Verilerin Korunmas\u0131 Kanunu (\u201cKanun\u201d) kapsam\u0131nda T\u00fcrkiye \u0130n\u015faat Malzemesi Sanayicileri Derne\u011fi (\u201cT\u00fcrkiye \u0130MSAD\u201d) \u201cVeri Sorumlusu\u201d s\u0131fat\u0131na sahip olup, bu s\u0131fat\u0131n gerektirdi\u011fi y\u00fck\u00fcml\u00fcl\u00fckleri\u00a0yerine getirmek i\u00e7in gerekli uyum \u00e7al\u0131\u015fmalar\u0131n\u0131 ger\u00e7ekle\u015ftirmektedir. T\u00fcrkiye \u0130MSAD, kendisine verilmi\u015f olan, [&hellip;]<\/p>","protected":false},"author":1,"featured_media":0,"parent":0,"menu_order":0,"comment_status":"closed","ping_status":"closed","template":"","meta":{"footnotes":""},"class_list":["post-2022","page","type-page","status-publish","hentry"],"acf":[],"_links":{"self":[{"href":"https:\/\/insaatzirve.com\/eng\/wp-json\/wp\/v2\/pages\/2022","targetHints":{"allow":["GET"]}}],"collection":[{"href":"https:\/\/insaatzirve.com\/eng\/wp-json\/wp\/v2\/pages"}],"about":[{"href":"https:\/\/insaatzirve.com\/eng\/wp-json\/wp\/v2\/types\/page"}],"author":[{"embeddable":true,"href":"https:\/\/insaatzirve.com\/eng\/wp-json\/wp\/v2\/users\/1"}],"replies":[{"embeddable":true,"href":"https:\/\/insaatzirve.com\/eng\/wp-json\/wp\/v2\/comments?post=2022"}],"version-history":[{"count":6,"href":"https:\/\/insaatzirve.com\/eng\/wp-json\/wp\/v2\/pages\/2022\/revisions"}],"predecessor-version":[{"id":3135,"href":"https:\/\/insaatzirve.com\/eng\/wp-json\/wp\/v2\/pages\/2022\/revisions\/3135"}],"wp:attachment":[{"href":"https:\/\/insaatzirve.com\/eng\/wp-json\/wp\/v2\/media?parent=2022"}],"curies":[{"name":"wp","href":"https:\/\/api.w.org\/{rel}","templated":true}]}}