{"id":2417,"date":"2022-08-10T14:50:39","date_gmt":"2022-08-10T14:50:39","guid":{"rendered":"https:\/\/insaatzirve.com\/?page_id=2417"},"modified":"2022-09-29T08:48:44","modified_gmt":"2022-09-29T08:48:44","slug":"baskanin-mesaji","status":"publish","type":"page","link":"https:\/\/insaatzirve.com\/eng\/baskanin-mesaji\/","title":{"rendered":"Chairman's Message"},"content":{"rendered":"<div data-elementor-type=\"wp-page\" data-elementor-id=\"2417\" class=\"elementor elementor-2417\" data-elementor-post-type=\"page\">\n\t\t\t\t\t\t<section class=\"elementor-section elementor-top-section elementor-element elementor-element-382ba962 elementor-section-boxed elementor-section-height-default elementor-section-height-default\" data-id=\"382ba962\" data-element_type=\"section\" data-settings=\"{&quot;jet_parallax_layout_list&quot;:[{&quot;jet_parallax_layout_image&quot;:{&quot;url&quot;:&quot;&quot;,&quot;id&quot;:&quot;&quot;,&quot;size&quot;:&quot;&quot;},&quot;_id&quot;:&quot;0006da4&quot;,&quot;jet_parallax_layout_image_tablet&quot;:{&quot;url&quot;:&quot;&quot;,&quot;id&quot;:&quot;&quot;,&quot;size&quot;:&quot;&quot;},&quot;jet_parallax_layout_image_mobile&quot;:{&quot;url&quot;:&quot;&quot;,&quot;id&quot;:&quot;&quot;,&quot;size&quot;:&quot;&quot;},&quot;jet_parallax_layout_speed&quot;:{&quot;unit&quot;:&quot;%&quot;,&quot;size&quot;:50,&quot;sizes&quot;:[]},&quot;jet_parallax_layout_type&quot;:&quot;scroll&quot;,&quot;jet_parallax_layout_direction&quot;:null,&quot;jet_parallax_layout_fx_direction&quot;:null,&quot;jet_parallax_layout_z_index&quot;:&quot;&quot;,&quot;jet_parallax_layout_bg_x&quot;:50,&quot;jet_parallax_layout_bg_x_tablet&quot;:&quot;&quot;,&quot;jet_parallax_layout_bg_x_mobile&quot;:&quot;&quot;,&quot;jet_parallax_layout_bg_y&quot;:50,&quot;jet_parallax_layout_bg_y_tablet&quot;:&quot;&quot;,&quot;jet_parallax_layout_bg_y_mobile&quot;:&quot;&quot;,&quot;jet_parallax_layout_bg_size&quot;:&quot;auto&quot;,&quot;jet_parallax_layout_bg_size_tablet&quot;:&quot;&quot;,&quot;jet_parallax_layout_bg_size_mobile&quot;:&quot;&quot;,&quot;jet_parallax_layout_animation_prop&quot;:&quot;transform&quot;,&quot;jet_parallax_layout_on&quot;:[&quot;desktop&quot;,&quot;tablet&quot;]}],&quot;background_background&quot;:&quot;classic&quot;}\">\n\t\t\t\t\t\t<div class=\"elementor-container elementor-column-gap-default\">\n\t\t\t\t\t<div class=\"elementor-column elementor-col-50 elementor-top-column elementor-element elementor-element-4ea6bef9\" data-id=\"4ea6bef9\" data-element_type=\"column\" data-settings=\"{&quot;background_background&quot;:&quot;classic&quot;}\">\n\t\t\t<div class=\"elementor-widget-wrap elementor-element-populated\">\n\t\t\t\t\t\t<div class=\"elementor-element elementor-element-5192c3e0 elementor-widget__width-auto elementor-widget elementor-widget-heading\" data-id=\"5192c3e0\" data-element_type=\"widget\" data-widget_type=\"heading.default\">\n\t\t\t\t<div class=\"elementor-widget-container\">\n\t\t\t\t\t<h2 class=\"elementor-heading-title elementor-size-default\">Chairman's Message<\/h2>\t\t\t\t<\/div>\n\t\t\t\t<\/div>\n\t\t\t\t\t<\/div>\n\t\t<\/div>\n\t\t\t\t<div class=\"elementor-column elementor-col-50 elementor-top-column elementor-element elementor-element-4d7b9c83\" data-id=\"4d7b9c83\" data-element_type=\"column\" data-settings=\"{&quot;background_background&quot;:&quot;classic&quot;}\">\n\t\t\t<div class=\"elementor-widget-wrap\">\n\t\t\t\t\t\t\t<\/div>\n\t\t<\/div>\n\t\t\t\t\t<\/div>\n\t\t<\/section>\n\t\t\t\t<section class=\"elementor-section elementor-top-section elementor-element elementor-element-7914460 elementor-section-height-min-height elementor-section-boxed elementor-section-height-default elementor-section-items-middle\" data-id=\"7914460\" data-element_type=\"section\" data-settings=\"{&quot;jet_parallax_layout_list&quot;:[{&quot;jet_parallax_layout_image&quot;:{&quot;url&quot;:&quot;&quot;,&quot;id&quot;:&quot;&quot;,&quot;size&quot;:&quot;&quot;},&quot;_id&quot;:&quot;0006da4&quot;,&quot;jet_parallax_layout_image_tablet&quot;:{&quot;url&quot;:&quot;&quot;,&quot;id&quot;:&quot;&quot;,&quot;size&quot;:&quot;&quot;},&quot;jet_parallax_layout_image_mobile&quot;:{&quot;url&quot;:&quot;&quot;,&quot;id&quot;:&quot;&quot;,&quot;size&quot;:&quot;&quot;},&quot;jet_parallax_layout_speed&quot;:{&quot;unit&quot;:&quot;%&quot;,&quot;size&quot;:50,&quot;sizes&quot;:[]},&quot;jet_parallax_layout_type&quot;:&quot;scroll&quot;,&quot;jet_parallax_layout_direction&quot;:null,&quot;jet_parallax_layout_fx_direction&quot;:null,&quot;jet_parallax_layout_z_index&quot;:&quot;&quot;,&quot;jet_parallax_layout_bg_x&quot;:50,&quot;jet_parallax_layout_bg_x_tablet&quot;:&quot;&quot;,&quot;jet_parallax_layout_bg_x_mobile&quot;:&quot;&quot;,&quot;jet_parallax_layout_bg_y&quot;:50,&quot;jet_parallax_layout_bg_y_tablet&quot;:&quot;&quot;,&quot;jet_parallax_layout_bg_y_mobile&quot;:&quot;&quot;,&quot;jet_parallax_layout_bg_size&quot;:&quot;auto&quot;,&quot;jet_parallax_layout_bg_size_tablet&quot;:&quot;&quot;,&quot;jet_parallax_layout_bg_size_mobile&quot;:&quot;&quot;,&quot;jet_parallax_layout_animation_prop&quot;:&quot;transform&quot;,&quot;jet_parallax_layout_on&quot;:[&quot;desktop&quot;,&quot;tablet&quot;]}],&quot;background_background&quot;:&quot;classic&quot;}\">\n\t\t\t\t\t\t<div class=\"elementor-container elementor-column-gap-default\">\n\t\t\t\t\t<div class=\"elementor-column elementor-col-50 elementor-top-column elementor-element elementor-element-2cdec10\" data-id=\"2cdec10\" data-element_type=\"column\" data-settings=\"{&quot;background_background&quot;:&quot;classic&quot;}\">\n\t\t\t<div class=\"elementor-widget-wrap elementor-element-populated\">\n\t\t\t\t\t\t<div class=\"elementor-element elementor-element-5d5da21 elementor-widget elementor-widget-image\" data-id=\"5d5da21\" data-element_type=\"widget\" data-widget_type=\"image.default\">\n\t\t\t\t<div class=\"elementor-widget-container\">\n\t\t\t\t\t\t\t\t\t\t\t\t\t\t\t<img fetchpriority=\"high\" decoding=\"async\" width=\"800\" height=\"642\" src=\"https:\/\/insaatzirve.com\/wp-content\/uploads\/2022\/08\/tayfun_kucukoglu.jpg\" class=\"attachment-large size-large wp-image-2657\" alt=\"\" srcset=\"https:\/\/insaatzirve.com\/wp-content\/uploads\/2022\/08\/tayfun_kucukoglu.jpg 1000w, https:\/\/insaatzirve.com\/wp-content\/uploads\/2022\/08\/tayfun_kucukoglu-300x241.jpg 300w, https:\/\/insaatzirve.com\/wp-content\/uploads\/2022\/08\/tayfun_kucukoglu-768x617.jpg 768w\" sizes=\"(max-width: 800px) 100vw, 800px\" \/>\t\t\t\t\t\t\t\t\t\t\t\t\t\t\t<\/div>\n\t\t\t\t<\/div>\n\t\t\t\t\t<\/div>\n\t\t<\/div>\n\t\t\t\t<div class=\"elementor-column elementor-col-50 elementor-top-column elementor-element elementor-element-17670b1\" data-id=\"17670b1\" data-element_type=\"column\" data-settings=\"{&quot;background_background&quot;:&quot;classic&quot;}\">\n\t\t\t<div class=\"elementor-widget-wrap elementor-element-populated\">\n\t\t\t\t\t\t<div class=\"elementor-element elementor-element-0cd7b4e elementor-widget elementor-widget-text-editor\" data-id=\"0cd7b4e\" data-element_type=\"widget\" data-widget_type=\"text-editor.default\">\n\t\t\t\t<div class=\"elementor-widget-container\">\n\t\t\t\t\t\t\t\t\t<p>Considered as one of the biggest events of the construction industry, the \u201cInternational Quality in Construction Summit\u201d will be held for the 10th time this year under the leadership of T\u00fcrkiye \u0130MSAD and with its valuable working partners.\u00a0<\/p><p>The construction material industry, with its innovation capacity, energy efficiency, nanotechnology strategies, water saving, waste management, regional development, organizational structuring and green growth concepts, has become an important link in sustainable development. Our industry makes a very important contribution to the general economic growth of our country with its intense relations, cooperation and interaction with the other links of the chain.<\/p><p>Today, performance-based construction and the right choice of materials are required rather than traditional construction and materials. Therefore, we should attach utmost importance to R&amp;D activities from energy efficiency to waste management, from earthquake resistance to environmental planning. The most important thing is that the right material is made in the right place with the right project and in the right hands; we must make sure of the documented journey of the documented materials<\/p><p>As Turkish construction material industrialists, we are aware of the need to continue to develop innovative products in order to meet the need for sustainable construction materials in our country, while aiming for an energy efficient, environmentally friendly and innovative production. We pursue all companies operating in our sector to support sustainable development since we believe that innovation and sustainability will shape the future.\u00a0<\/p><p>35% of the total energy in our country is consumed in housing and services, and 34% in industry. On the other hand, today the construction industry uses 16% of water resources. 23% of air pollution, 50% of greenhouse gas emmisions, 40% of water pollution and 40% of solid waste in cities are environmental problems caused by buildings. As the industry, we are working hard on how we can make improvements in such a scene.\u00a0<\/p><p>While great changes are taking place all over the world, both our country and industry feel the positive and negative effects of this. The only way to reverse the negative effects is to invest in the future, giving more importance to medium and long-term projects rather than short-term projects, to grasp the basis of being sustainable; to foresee future conditions, to prepare for these conditions with high will and determination. As T\u00fcrkiye IMSAD we aim to support developing energy efficient, environmentally friendly and innovative products and programs, to meet the current and future needs of our country in the most ideal way, to carry out our export potential to our geography and 5 continents with sustainable discipline, thus increasing our contribution to our country day by day.\u00a0<\/p><p>The goal of a sustainable world is now seen by everyone as one of the most important items on the agenda. But we know that we have a long road ahead of us in terms of things to do\u2026 Nevertheless, in the light of technological developments, our current potential, combined with smart investments, creative and new ideas, gives us hope for the future.<\/p><p>Our goal at this year&#8217;s summit is to shape our sector with a new industry and trade approach within the framework of circular economy, responsible production and consumption in construction, innovative industry, sustainable energy management, smart investments, creative, new ideas and technological innovations. In this context, we have determined the theme of the 10th International Quality in Construction Summit as &#8220;Sustainable Future&#8221;. We are looking forward to meet at Hilton Maslak Istanbul on November 3, 2022 in order to provide the highest added value to our stakeholders, to determine the right strategies and to illuminate the route of sustainable growth&#8230;<\/p><p><strong>Tayfun K\u00fc\u00e7\u00fcko\u011flu\u00a0<\/strong><br \/><strong>T\u00fcrkiye \u0130MSAD Chairman<\/strong><\/p>\t\t\t\t\t\t\t\t<\/div>\n\t\t\t\t<\/div>\n\t\t\t\t\t<\/div>\n\t\t<\/div>\n\t\t\t\t\t<\/div>\n\t\t<\/section>\n\t\t\t\t<section class=\"elementor-section elementor-top-section elementor-element elementor-element-7a657f88 elementor-section-boxed elementor-section-height-default elementor-section-height-default\" data-id=\"7a657f88\" data-element_type=\"section\" data-settings=\"{&quot;jet_parallax_layout_list&quot;:[{&quot;jet_parallax_layout_image&quot;:{&quot;url&quot;:&quot;&quot;,&quot;id&quot;:&quot;&quot;,&quot;size&quot;:&quot;&quot;},&quot;_id&quot;:&quot;0006da4&quot;,&quot;jet_parallax_layout_image_tablet&quot;:{&quot;url&quot;:&quot;&quot;,&quot;id&quot;:&quot;&quot;,&quot;size&quot;:&quot;&quot;},&quot;jet_parallax_layout_image_mobile&quot;:{&quot;url&quot;:&quot;&quot;,&quot;id&quot;:&quot;&quot;,&quot;size&quot;:&quot;&quot;},&quot;jet_parallax_layout_speed&quot;:{&quot;unit&quot;:&quot;%&quot;,&quot;size&quot;:50,&quot;sizes&quot;:[]},&quot;jet_parallax_layout_type&quot;:&quot;scroll&quot;,&quot;jet_parallax_layout_direction&quot;:null,&quot;jet_parallax_layout_fx_direction&quot;:null,&quot;jet_parallax_layout_z_index&quot;:&quot;&quot;,&quot;jet_parallax_layout_bg_x&quot;:50,&quot;jet_parallax_layout_bg_x_tablet&quot;:&quot;&quot;,&quot;jet_parallax_layout_bg_x_mobile&quot;:&quot;&quot;,&quot;jet_parallax_layout_bg_y&quot;:50,&quot;jet_parallax_layout_bg_y_tablet&quot;:&quot;&quot;,&quot;jet_parallax_layout_bg_y_mobile&quot;:&quot;&quot;,&quot;jet_parallax_layout_bg_size&quot;:&quot;auto&quot;,&quot;jet_parallax_layout_bg_size_tablet&quot;:&quot;&quot;,&quot;jet_parallax_layout_bg_size_mobile&quot;:&quot;&quot;,&quot;jet_parallax_layout_animation_prop&quot;:&quot;transform&quot;,&quot;jet_parallax_layout_on&quot;:[&quot;desktop&quot;,&quot;tablet&quot;]}],&quot;background_background&quot;:&quot;classic&quot;}\">\n\t\t\t\t\t\t<div class=\"elementor-container elementor-column-gap-default\">\n\t\t\t\t\t<div class=\"elementor-column elementor-col-100 elementor-top-column elementor-element elementor-element-d873607\" data-id=\"d873607\" data-element_type=\"column\">\n\t\t\t<div class=\"elementor-widget-wrap elementor-element-populated\">\n\t\t\t\t\t\t<div class=\"elementor-element elementor-element-379f2a44 elementor-widget elementor-widget-spacer\" data-id=\"379f2a44\" data-element_type=\"widget\" data-widget_type=\"spacer.default\">\n\t\t\t\t<div class=\"elementor-widget-container\">\n\t\t\t\t\t\t\t<div class=\"elementor-spacer\">\n\t\t\t<div class=\"elementor-spacer-inner\"><\/div>\n\t\t<\/div>\n\t\t\t\t\t\t<\/div>\n\t\t\t\t<\/div>\n\t\t\t\t\t<\/div>\n\t\t<\/div>\n\t\t\t\t\t<\/div>\n\t\t<\/section>\n\t\t\t\t<\/div>","protected":false},"excerpt":{"rendered":"<p>Ba\u015fkan\u0131n Mesaj\u0131 Uluslararas\u0131 \u0130n\u015faatta Kalite Zirvesi \u0130n\u015faat sekt\u00f6r\u00fcn\u00fcn en b\u00fcy\u00fck etkinliklerinden biri olarak kabul edilen \u201cUluslararas\u0131 \u0130n\u015faatta Kalite Zirvesi\u201d T\u00fcrkiye \u0130MSAD \u00f6nderli\u011finde ve de\u011ferli \u00e7al\u0131\u015fma ortaklar\u0131yla, bu y\u0131l 10&#8217;uncu kez hayata ge\u00e7ecek.\u00a0 \u0130n\u015faat malzemesi sanayisi, inovasyon kapasitesi, enerji verimlili\u011fi, nanoteknoloji stratejileri, su tasarrufu, at\u0131k y\u00f6netimi, b\u00f6lgesel kalk\u0131nma, organizasyonel yap\u0131lanma ve ye\u015fil b\u00fcy\u00fcme kavramlar\u0131yla, i\u00e7inde bulundu\u011fumuz [&hellip;]<\/p>","protected":false},"author":1,"featured_media":0,"parent":0,"menu_order":0,"comment_status":"closed","ping_status":"closed","template":"","meta":{"footnotes":""},"class_list":["post-2417","page","type-page","status-publish","hentry"],"acf":[],"_links":{"self":[{"href":"https:\/\/insaatzirve.com\/eng\/wp-json\/wp\/v2\/pages\/2417","targetHints":{"allow":["GET"]}}],"collection":[{"href":"https:\/\/insaatzirve.com\/eng\/wp-json\/wp\/v2\/pages"}],"about":[{"href":"https:\/\/insaatzirve.com\/eng\/wp-json\/wp\/v2\/types\/page"}],"author":[{"embeddable":true,"href":"https:\/\/insaatzirve.com\/eng\/wp-json\/wp\/v2\/users\/1"}],"replies":[{"embeddable":true,"href":"https:\/\/insaatzirve.com\/eng\/wp-json\/wp\/v2\/comments?post=2417"}],"version-history":[{"count":25,"href":"https:\/\/insaatzirve.com\/eng\/wp-json\/wp\/v2\/pages\/2417\/revisions"}],"predecessor-version":[{"id":2726,"href":"https:\/\/insaatzirve.com\/eng\/wp-json\/wp\/v2\/pages\/2417\/revisions\/2726"}],"wp:attachment":[{"href":"https:\/\/insaatzirve.com\/eng\/wp-json\/wp\/v2\/media?parent=2417"}],"curies":[{"name":"wp","href":"https:\/\/api.w.org\/{rel}","templated":true}]}}